{"id":2347,"date":"2020-03-31T07:41:11","date_gmt":"2020-03-31T07:41:11","guid":{"rendered":"https:\/\/alloggio.qodeinteractive.com\/?page_id=2347"},"modified":"2025-11-02T20:02:11","modified_gmt":"2025-11-02T20:02:11","slug":"get-to-know-us","status":"publish","type":"page","link":"https:\/\/le-coin-tranquille.com\/fr\/get-to-know-us\/","title":{"rendered":"APPRENEZ \u00c0 NOUS CONNA\u00ceTRE"},"content":{"rendered":"<div data-elementor-type=\"wp-page\" data-elementor-id=\"2347\" class=\"elementor elementor-2347\">\n\t\t\t\t\t\t<section class=\"elementor-section elementor-top-section elementor-element elementor-element-076c781 elementor-section-full_width elementor-section-height-default elementor-section-height-default qodef-elementor-content-no\" data-id=\"076c781\" data-element_type=\"section\" data-e-type=\"section\" data-settings=\"{&quot;background_background&quot;:&quot;classic&quot;}\">\n\t\t\t\t\t\t<div class=\"elementor-container elementor-column-gap-no\">\n\t\t\t\t\t<div class=\"elementor-column elementor-col-100 elementor-top-column elementor-element elementor-element-0634ad7\" data-id=\"0634ad7\" data-element_type=\"column\" data-e-type=\"column\">\n\t\t\t<div class=\"elementor-widget-wrap elementor-element-populated\">\n\t\t\t\t\t\t<div class=\"elementor-element elementor-element-c493e78 elementor-widget__width-initial elementor-widget elementor-widget-alloggio_core_info_card\" data-id=\"c493e78\" data-element_type=\"widget\" data-e-type=\"widget\" data-widget_type=\"alloggio_core_info_card.default\">\n\t\t\t\t<div class=\"elementor-widget-container\">\n\t\t\t\t\t<div class=\"qodef-shortcode qodef-m qodef-button-inverted-hover qodef-info-card qodef-image--right qodef--has-parallax\">\n\t<div class=\"qodef-m-image\">\n\t<img fetchpriority=\"high\" decoding=\"async\" src=\"https:\/\/le-coin-tranquille.com\/wp-content\/uploads\/2025\/07\/Le-Coin-Tranquille_BB_La-roque-Gageac_about-520x787.webp\" alt=\"\" width=\"520\" height=\"787\" data-ratio=\"0.66073697585769\" \/><\/div>\t<div class=\"qodef-m-content\" style=\"background-color: #E5DCCD\">\n\t\t\t<h2 class=\"qodef-m-title\" style=\"color: #445D47\">SALUT ! NOUS SOMMES LORENA ET DIEGO<\/h2>\n\t\t\t\t\t<p class=\"qodef-m-text\" style=\"margin-top: 24px;color: #000000\">Apr\u00e8s des ann\u00e9es pass\u00e9es comme professionnels dans des villes anim\u00e9es comme Buenos Aires, Mexico et Hong Kong, nous avons troqu\u00e9\nl'agitation urbaine contre un r\u00eave qui nous attendait depuis toujours. Nous avons travaill\u00e9 dur pour cr\u00e9er quelque chose d'unique et nous sommes\nravis d'adopter ce nouvel art de vivre \u00e0 La Roque-Gageac. C'est ici que nous avons trouv\u00e9 l'alliance parfaite entre nature, histoire, art, gastronomie\net authentiques relations humaines. Nous sommes ravis de partager notre passion et un peu de nous-m\u00eames avec chacun de nos h\u00f4tes !<\/p>\n\t\t\t<div class=\"qodef-m-button\">\n\t\t<a class=\"qodef-shortcode qodef-m qodef-button qodef-layout--filled qodef-html--link\" href=\"https:\/\/le-coin-tranquille.com\/fr\/contact\/\" target=\"_self\" data-hover-color=\"#445D47\" style=\"border-color: #445D47;margin: -5px 0 0 0\">\t<span class=\"qodef-m-text\">CONTACTEZ-NOUS<\/span>\t<span class=\"qodef-m-background-holder\" ><\/span><\/a>\t<\/div>\n\t\t\t<\/div>\n<\/div>\t\t\t\t<\/div>\n\t\t\t\t<\/div>\n\t\t\t\t\t<\/div>\n\t\t<\/div>\n\t\t\t\t\t<\/div>\n\t\t<\/section>\n\t\t\t\t<section class=\"elementor-section elementor-top-section elementor-element elementor-element-6a49433 elementor-section-full_width elementor-section-height-default elementor-section-height-default qodef-elementor-content-no\" data-id=\"6a49433\" data-element_type=\"section\" data-e-type=\"section\" data-settings=\"{&quot;background_background&quot;:&quot;classic&quot;}\">\n\t\t\t\t\t\t\t<div class=\"elementor-background-overlay\"><\/div>\n\t\t\t\t\t\t\t<div class=\"elementor-container elementor-column-gap-no\">\n\t\t\t\t\t<div class=\"elementor-column elementor-col-100 elementor-top-column elementor-element elementor-element-91ca2de\" data-id=\"91ca2de\" data-element_type=\"column\" data-e-type=\"column\">\n\t\t\t<div class=\"elementor-widget-wrap elementor-element-populated\">\n\t\t\t\t\t\t<div class=\"elementor-element elementor-element-c910f80 elementor-widget elementor-widget-alloggio_core_section_title\" data-id=\"c910f80\" data-element_type=\"widget\" data-e-type=\"widget\" data-widget_type=\"alloggio_core_section_title.default\">\n\t\t\t\t<div class=\"elementor-widget-container\">\n\t\t\t\t\t<div class=\"qodef-shortcode qodef-m qodef-section-title qodef-alignment--center\">\n\t\t<h2 class=\"qodef-m-title\" >\n\t\t\t\t\tle coin tranquille\t\t\t<\/h2>\n\t\t<span class=\"qodef-m-text\" >Vieux de plus de 400 ans, Le Coin Tranquille a b\u00e9n\u00e9fici\u00e9 de plusieurs restaurations et b\u00e9n\u00e9ficie des avantages de la vie moderne. Le charme et l\u2019atmosph\u00e8re d\u2019antan ont toutefois \u00e9t\u00e9 pr\u00e9serv\u00e9s, conservant ainsi le caract\u00e8re original de cette propri\u00e9t\u00e9 pittoresque et historique du P\u00e9rigord Noir. <\/span>\n<\/div>\t\t\t\t<\/div>\n\t\t\t\t<\/div>\n\t\t<div class=\"elementor-element elementor-element-e0a4082 e-flex e-con-boxed qodef-elementor-content-no e-con e-parent\" data-id=\"e0a4082\" data-element_type=\"container\" data-e-type=\"container\">\n\t\t\t\t\t<div class=\"e-con-inner\">\n\t\t<div class=\"elementor-element elementor-element-2a78ae5 e-con-full e-flex qodef-elementor-content-no e-con e-child\" data-id=\"2a78ae5\" data-element_type=\"container\" data-e-type=\"container\">\n\t\t\t\t<div class=\"elementor-element elementor-element-a579972 elementor-widget elementor-widget-text-editor\" data-id=\"a579972\" data-element_type=\"widget\" data-e-type=\"widget\" data-widget_type=\"text-editor.default\">\n\t\t\t\t<div class=\"elementor-widget-container\">\n\t\t\t\t\t\t\t\t\t<p><span style=\"font-weight: 400;\">Notre boutique Bed &amp; Breakfast dispose de trois chambres,\ndont deux doubles et une twin ; toutes les chambres disposent\nde salles de douche privatives.<\/span><\/p><p><span style=\"font-weight: 400;\">Nous disposons de deux terrasses : l'une, partiellement\n\ncouverte, sur le c\u00f4t\u00e9, vous permettra de prendre votre petit-\nd\u00e9jeuner, de vous d\u00e9tendre ou simplement de contempler le\n\nfleuve. Le second jardin en terrasse offre une vue imprenable\nsur la Dordogne et sa vall\u00e9e. Vous pourrez y prendre votre\npetit-d\u00e9jeuner et vous d\u00e9tendre apr\u00e8s une belle journ\u00e9e de\nd\u00e9couverte.<\/span><\/p><p><i><span style=\"font-weight: 400;\">Une promenade de cinq minutes dans les petites ruelles pour\naller chercher du pain, prendre un caf\u00e9 ou manger dans les\nnombreux restaurants.<\/span><\/i><\/p>\t\t\t\t\t\t\t\t<\/div>\n\t\t\t\t<\/div>\n\t\t\t\t<\/div>\n\t\t<div class=\"elementor-element elementor-element-7c9cc39 e-con-full e-flex qodef-elementor-content-no e-con e-child\" data-id=\"7c9cc39\" data-element_type=\"container\" data-e-type=\"container\">\n\t\t\t\t<div class=\"elementor-element elementor-element-a20fa19 elementor-widget elementor-widget-text-editor\" data-id=\"a20fa19\" data-element_type=\"widget\" data-e-type=\"widget\" data-widget_type=\"text-editor.default\">\n\t\t\t\t<div class=\"elementor-widget-container\">\n\t\t\t\t\t\t\t\t\t<p><i><span style=\"font-weight: 400;\">Castelanaud-la-Chapelle, Domme et Beynac-et-Cazenac sont\n\u00e0 seulement 7 minutes en voiture, et Scarlat-la-Canad\u00e1 est \u00e0\n15 minutes. Cinq magnifiques ch\u00e2teaux et deux c\u00e9l\u00e8bres\njardins sont \u00e0 quelques minutes de chez nous.<\/span><\/i><\/p><p><i><span style=\"font-weight: 400;\">La maison est \u00e9quip\u00e9e de tout le n\u00e9cessaire pour votre s\u00e9jour,\nnotamment de meubles fran\u00e7ais traditionnels et de linge de\nmaison raffin\u00e9. Wi-Fi disponible dans tout l'\u00e9tablissement.<\/span><\/i><\/p><p><i><span style=\"font-weight: 400;\">Nous vous proposons un d\u00e9licieux petit-d\u00e9jeuner, servi tous les\nmatins.<\/span><\/i><\/p><p><i><span style=\"font-weight: 400;\">Venez d\u00e9couvrir la beaut\u00e9 intemporelle et la s\u00e9r\u00e9nit\u00e9 de cette\nmaison historique, situ\u00e9e au milieu de la magnifique vall\u00e9e de\nla Dordogne et de ses villages pittoresques !<\/span><\/i><\/p>\t\t\t\t\t\t\t\t<\/div>\n\t\t\t\t<\/div>\n\t\t\t\t<\/div>\n\t\t\t\t\t<\/div>\n\t\t\t\t<\/div>\n\t\t\t\t\t<\/div>\n\t\t<\/div>\n\t\t\t\t\t<\/div>\n\t\t<\/section>\n\t\t\t\t<section class=\"elementor-section elementor-top-section elementor-element elementor-element-e59721f elementor-section-full_width qodef-elementor-content-grid elementor-section-height-default elementor-section-height-default\" data-id=\"e59721f\" data-element_type=\"section\" data-e-type=\"section\" data-settings=\"{&quot;background_background&quot;:&quot;classic&quot;}\">\n\t\t\t\t\t\t\t<div class=\"elementor-background-overlay\"><\/div>\n\t\t\t\t\t\t\t<div class=\"elementor-container elementor-column-gap-no\">\n\t\t\t\t\t<div class=\"elementor-column elementor-col-33 elementor-top-column elementor-element elementor-element-bf8a62a\" data-id=\"bf8a62a\" data-element_type=\"column\" data-e-type=\"column\">\n\t\t\t<div class=\"elementor-widget-wrap elementor-element-populated\">\n\t\t\t\t\t\t<div class=\"elementor-element elementor-element-0b5c94c elementor-widget elementor-widget-alloggio_core_image_with_text\" data-id=\"0b5c94c\" data-element_type=\"widget\" data-e-type=\"widget\" data-widget_type=\"alloggio_core_image_with_text.default\">\n\t\t\t\t<div class=\"elementor-widget-container\">\n\t\t\t\t\t<div class=\"qodef-shortcode qodef-m qodef-image-with-text qodef-layout--text-below\">\n\t<div class=\"qodef-m-image\">\n\t\t\t\t\t\t\t\t\t<img decoding=\"async\" width=\"35\" height=\"35\" src=\"https:\/\/le-coin-tranquille.com\/wp-content\/uploads\/2020\/03\/h5-img-02.png\" class=\"qodef-e-main-image\" alt=\"a\" \/>\t\t\t\t\t\t\t\t\t<\/div>\t<div class=\"qodef-m-content\">\n\t\t\t<h4 class=\"qodef-m-title\" style=\"margin-top: 12px\">\n\t\t\t\t\tNote \u00e9lev\u00e9e\t\t\t<\/h4>\n\t\t\t<p class=\"qodef-m-text\" style=\"margin-top: 19px\">Tr\u00e8s bien not\u00e9 par nos clients \u2014 Nous\nsommes fiers d'obtenir une note de 9,6\nsur Booking.com, reflet du soin, du\nconfort et de l'authenticit\u00e9 qui rendent\nchaque s\u00e9jour au Coin Tranquille\ninoubliable.<\/p>\n\t<\/div>\n<\/div>\t\t\t\t<\/div>\n\t\t\t\t<\/div>\n\t\t\t\t\t<\/div>\n\t\t<\/div>\n\t\t\t\t<div class=\"elementor-column elementor-col-33 elementor-top-column elementor-element elementor-element-4a15b42\" data-id=\"4a15b42\" data-element_type=\"column\" data-e-type=\"column\">\n\t\t\t<div class=\"elementor-widget-wrap elementor-element-populated\">\n\t\t\t\t\t\t<div class=\"elementor-element elementor-element-5fabb59 elementor-widget elementor-widget-alloggio_core_image_with_text\" data-id=\"5fabb59\" data-element_type=\"widget\" data-e-type=\"widget\" data-widget_type=\"alloggio_core_image_with_text.default\">\n\t\t\t\t<div class=\"elementor-widget-container\">\n\t\t\t\t\t<div class=\"qodef-shortcode qodef-m qodef-image-with-text qodef-layout--text-below\">\n\t<div class=\"qodef-m-image\">\n\t\t\t\t\t\t\t\t\t<img decoding=\"async\" width=\"35\" height=\"35\" src=\"https:\/\/le-coin-tranquille.com\/wp-content\/uploads\/2020\/03\/h5-img-03.png\" class=\"qodef-e-main-image\" alt=\"\" \/>\t\t\t\t\t\t\t\t\t<\/div>\t<div class=\"qodef-m-content\">\n\t\t\t<h4 class=\"qodef-m-title\" style=\"margin-top: 12px\">\n\t\t\t\t\tHeures de silence\t\t\t<\/h4>\n\t\t\t<p class=\"qodef-m-text\" style=\"margin-top: 19px\">Moments paisibles, nuits reposantes \u2014\nFid\u00e8le \u00e0 son nom, Le Coin Tranquille est\nun lieu o\u00f9 se ressourcer. Profitez de la\nterrasse, de la vue et de votre chambre\npriv\u00e9e ; toujours avec le calme\nn\u00e9cessaire pour un repos profond\navant les aventures du lendemain.<\/p>\n\t<\/div>\n<\/div>\t\t\t\t<\/div>\n\t\t\t\t<\/div>\n\t\t\t\t\t<\/div>\n\t\t<\/div>\n\t\t\t\t<div class=\"elementor-column elementor-col-33 elementor-top-column elementor-element elementor-element-87c810e\" data-id=\"87c810e\" data-element_type=\"column\" data-e-type=\"column\">\n\t\t\t<div class=\"elementor-widget-wrap elementor-element-populated\">\n\t\t\t\t\t\t<div class=\"elementor-element elementor-element-68616a9 elementor-widget elementor-widget-alloggio_core_image_with_text\" data-id=\"68616a9\" data-element_type=\"widget\" data-e-type=\"widget\" data-widget_type=\"alloggio_core_image_with_text.default\">\n\t\t\t\t<div class=\"elementor-widget-container\">\n\t\t\t\t\t<div class=\"qodef-shortcode qodef-m qodef-image-with-text qodef-layout--text-below\">\n\t<div class=\"qodef-m-image\">\n\t\t\t\t\t\t\t\t\t<img loading=\"lazy\" decoding=\"async\" width=\"35\" height=\"35\" src=\"https:\/\/le-coin-tranquille.com\/wp-content\/uploads\/2020\/03\/h5-img-04.png\" class=\"qodef-e-main-image\" alt=\"\" \/>\t\t\t\t\t\t\t\t\t<\/div>\t<div class=\"qodef-m-content\">\n\t\t\t<h4 class=\"qodef-m-title\" style=\"margin-top: 12px\">\n\t\t\t\t\tMeilleurs emplacements\t\t\t<\/h4>\n\t\t\t<p class=\"qodef-m-text\" style=\"margin-top: 19px\">Au c\u0153ur du P\u00e9rigord Noir \u2014 Notre\nmaison est entour\u00e9e de tout ce qui\nrend cette r\u00e9gion magique : ch\u00e2teaux\nde contes de f\u00e9es, villages charmants,\nfor\u00eats luxuriantes et jardins exquis ; tout\ncela \u00e0 quelques pas.<\/p>\n\t<\/div>\n<\/div>\t\t\t\t<\/div>\n\t\t\t\t<\/div>\n\t\t\t\t\t<\/div>\n\t\t<\/div>\n\t\t\t\t\t<\/div>\n\t\t<\/section>\n\t\t\t\t<section class=\"elementor-section elementor-top-section elementor-element elementor-element-ccf1882 elementor-section-full_width qodef-elementor-content-grid elementor-hidden-desktop elementor-hidden-tablet elementor-hidden-mobile elementor-section-height-default elementor-section-height-default\" data-id=\"ccf1882\" data-element_type=\"section\" data-e-type=\"section\">\n\t\t\t\t\t\t<div class=\"elementor-container elementor-column-gap-no\">\n\t\t\t\t\t<div class=\"elementor-column elementor-col-100 elementor-top-column elementor-element elementor-element-96ef65b\" data-id=\"96ef65b\" data-element_type=\"column\" data-e-type=\"column\">\n\t\t\t<div class=\"elementor-widget-wrap elementor-element-populated\">\n\t\t\t\t\t\t<div class=\"elementor-element elementor-element-bf87dd6 elementor-widget elementor-widget-alloggio_core_section_title\" data-id=\"bf87dd6\" data-element_type=\"widget\" data-e-type=\"widget\" data-widget_type=\"alloggio_core_section_title.default\">\n\t\t\t\t<div class=\"elementor-widget-container\">\n\t\t\t\t\t<div class=\"qodef-shortcode qodef-m qodef-section-title qodef-alignment--center\">\n\t\t<h2 class=\"qodef-m-title\" >\n\t\t\t\t\tThings to do near\t\t\t<\/h2>\n\t\t<span class=\"qodef-m-text\" >Ut condimentum magna ut augue elementum ornare. Fusce posuere massa vitae maximus posuere. Mauris sagittis consectetur vulputate. Curabitur commodo est quis felis porttitor eleifend. Sed efficitur sem mi, et feugiat lorem scelerisque.<\/span>\n<\/div>\t\t\t\t<\/div>\n\t\t\t\t<\/div>\n\t\t\t\t\t<\/div>\n\t\t<\/div>\n\t\t\t\t\t<\/div>\n\t\t<\/section>\n\t\t\t\t<\/div>","protected":false},"excerpt":{"rendered":"<p>Hi! We are Lorena and Diego After years spent as professionals in bustling cities like Buenos Aires, Mexico City, and Hong Kong, we&#039;ve traded the urban hustle for a dream we always knew was waiting for us. We&#039;ve worked hard to create something special, and we couldn&#039;t be happier to embrace this new way of [&hellip;]<\/p>","protected":false},"author":1,"featured_media":0,"parent":0,"menu_order":0,"comment_status":"closed","ping_status":"closed","template":"page-full-width.php","meta":{"footnotes":""},"class_list":["post-2347","page","type-page","status-publish","hentry"],"_links":{"self":[{"href":"https:\/\/le-coin-tranquille.com\/fr\/wp-json\/wp\/v2\/pages\/2347","targetHints":{"allow":["GET"]}}],"collection":[{"href":"https:\/\/le-coin-tranquille.com\/fr\/wp-json\/wp\/v2\/pages"}],"about":[{"href":"https:\/\/le-coin-tranquille.com\/fr\/wp-json\/wp\/v2\/types\/page"}],"author":[{"embeddable":true,"href":"https:\/\/le-coin-tranquille.com\/fr\/wp-json\/wp\/v2\/users\/1"}],"replies":[{"embeddable":true,"href":"https:\/\/le-coin-tranquille.com\/fr\/wp-json\/wp\/v2\/comments?post=2347"}],"version-history":[{"count":31,"href":"https:\/\/le-coin-tranquille.com\/fr\/wp-json\/wp\/v2\/pages\/2347\/revisions"}],"predecessor-version":[{"id":6350,"href":"https:\/\/le-coin-tranquille.com\/fr\/wp-json\/wp\/v2\/pages\/2347\/revisions\/6350"}],"wp:attachment":[{"href":"https:\/\/le-coin-tranquille.com\/fr\/wp-json\/wp\/v2\/media?parent=2347"}],"curies":[{"name":"wp","href":"https:\/\/api.w.org\/{rel}","templated":true}]}}