{"id":2694,"date":"2020-04-01T09:13:11","date_gmt":"2020-04-01T09:13:11","guid":{"rendered":"https:\/\/alloggio.qodeinteractive.com\/?page_id=2694"},"modified":"2025-11-02T20:04:35","modified_gmt":"2025-11-02T20:04:35","slug":"frequently-asked-questions","status":"publish","type":"page","link":"https:\/\/le-coin-tranquille.com\/fr\/frequently-asked-questions\/","title":{"rendered":"Frequently Asked Questions"},"content":{"rendered":"<div data-elementor-type=\"wp-page\" data-elementor-id=\"2694\" class=\"elementor elementor-2694\">\n\t\t\t\t\t\t<section class=\"elementor-section elementor-top-section elementor-element elementor-element-ba24173 elementor-section-full_width qodef-elementor-content-grid elementor-section-height-default elementor-section-height-default\" data-id=\"ba24173\" data-element_type=\"section\" data-e-type=\"section\">\n\t\t\t\t\t\t<div class=\"elementor-container elementor-column-gap-no\">\n\t\t\t\t\t<div class=\"elementor-column elementor-col-100 elementor-top-column elementor-element elementor-element-ad81f16\" data-id=\"ad81f16\" data-element_type=\"column\" data-e-type=\"column\">\n\t\t\t<div class=\"elementor-widget-wrap elementor-element-populated\">\n\t\t\t\t\t\t<div class=\"elementor-element elementor-element-3dc2385 elementor-widget elementor-widget-alloggio_core_accordion\" data-id=\"3dc2385\" data-element_type=\"widget\" data-e-type=\"widget\" data-widget_type=\"alloggio_core_accordion.default\">\n\t\t\t\t<div class=\"elementor-widget-container\">\n\t\t\t\t\t<div class=\"qodef-shortcode qodef-m qodef-accordion clear qodef-behavior--accordion qodef-layout--simple\">\n\t<h4 class=\"qodef-accordion-title\">\n\t<span class=\"qodef-tab-title\">\n\t\tFAQ: Heures d'arriv\u00e9e \/ S\u00e9jour minimum\t<\/span>\n\t<span class=\"qodef-accordion-mark\">\n\t\t<span class=\"qodef-icon--arrow-down\"><span class=\"qodef-icon-linea-icons icon-arrows-down\" ><\/span><\/span>\n\t\t<span class=\"qodef-icon--arrow-up\"><span class=\"qodef-icon-linea-icons icon-arrows-up\" ><\/span><\/span>\n\t<\/span>\n<\/h4>\n<div class=\"qodef-accordion-content\">\n\t<div class=\"qodef-accordion-content-inner\">\n\t\t<ul><li style=\"font-weight: 400;\" aria-level=\"1\"><span style=\"font-weight: 400;\">L'enregistrement s'effectue entre 16h00 et 19h00. Si vous avez une situation particuli\u00e8re, n'h\u00e9sitez pas \u00e0 nous en faire part. Nous trouverons certainement une solution.<\/span><\/li><li style=\"font-weight: 400;\" aria-level=\"1\"><span style=\"font-weight: 400;\">Le s\u00e9jour minimum est de 2 nuits.<\/span><span style=\"font-weight: 400;\">ights.<\/span><\/li><\/ul>\t<\/div>\n<\/div><h4 class=\"qodef-accordion-title\">\n\t<span class=\"qodef-tab-title\">\n\t\tHeure de d\u00e9part \t<\/span>\n\t<span class=\"qodef-accordion-mark\">\n\t\t<span class=\"qodef-icon--arrow-down\"><span class=\"qodef-icon-linea-icons icon-arrows-down\" ><\/span><\/span>\n\t\t<span class=\"qodef-icon--arrow-up\"><span class=\"qodef-icon-linea-icons icon-arrows-up\" ><\/span><\/span>\n\t<\/span>\n<\/h4>\n<div class=\"qodef-accordion-content\">\n\t<div class=\"qodef-accordion-content-inner\">\n\t\t<ul><li style=\"font-weight: 400;\" aria-level=\"1\"><span style=\"font-weight: 400;\">Le d\u00e9part doit \u00eatre effectu\u00e9 avant 10h30.<\/span><\/li><\/ul>\t<\/div>\n<\/div><h4 class=\"qodef-accordion-title\">\n\t<span class=\"qodef-tab-title\">\n\t\tComment nous trouver \/ Parking\t<\/span>\n\t<span class=\"qodef-accordion-mark\">\n\t\t<span class=\"qodef-icon--arrow-down\"><span class=\"qodef-icon-linea-icons icon-arrows-down\" ><\/span><\/span>\n\t\t<span class=\"qodef-icon--arrow-up\"><span class=\"qodef-icon-linea-icons icon-arrows-up\" ><\/span><\/span>\n\t<\/span>\n<\/h4>\n<div class=\"qodef-accordion-content\">\n\t<div class=\"qodef-accordion-content-inner\">\n\t\t<span style=\"font-weight: 400;\">\nLe Coin Tranquille est situ\u00e9 dans un endroit paisible entre Domme\/C\u00e9nac et Beynac, le long de la route panoramique D703 qui longe la Dordogne. <strong>D703<\/strong> that follows the Dordogne River.<\/span>\n\n<strong>Getting here<\/strong>\n<ul>\n \t<li><strong>En venant de Beynac:<\/strong>\nTraversez le village de La Roque-Gageac. Apr\u00e8s avoir pass\u00e9 le grand parking public, tournez \u00e0 gauche \u00e0 la sortie du village en direction des \u00ab C\u00f4tes \u00bb.<\/li>\n \t<li><strong>En venant de Vitrac ou Domme:<\/strong>\njuste avant d'arriver au parking public \u00e0 l'entr\u00e9e de La Roque-Gageac, tournez \u00e0 droite en direction des \u00ab C\u00f4tes \u00bb.<\/li>\n \t<li><strong>Ensuite, pour tout le monde: <\/strong>\nenviron 100 m\u00e8tres plus loin, tournez \u00e0 droite au crucifix. Continuez sur 200 m\u00e8tres, puis tournez \u00e0 gauche, puis encore \u00e0 gauche dans une petite impasse marqu\u00e9e \u00ab interdit sauf riverains \u00bb. Vous pouvez passer ! Continuez \u00e0 suivre les panneaux \u00ab Les C\u00f4tes \u00bb. Notre maison se trouve en haut de la colline, \u00e0 l'angle droit du dernier carrefour, l\u00e0 o\u00f9 la route devient \u00e9troite.<\/li>\n<\/ul>\n<strong>Informations sur le stationnement:<\/strong>\n\nLa route devant \u00ab Le Coin Tranquille \u00bb est assez \u00e9troite (environ 2 m\u00e8tres de large), ce qui convient aux voitures petites et moyennes, mais pas aux grosses voitures ou aux camionnettes.\nIl y a un parking communal sur le c\u00f4t\u00e9 droit de la route, juste avant d'entrer dans la rue de notre maison. Vous trouverez \u00e9galement de la place pour 4 \u00e0 5 voitures le long de la route, \u00e0 environ 50 m\u00e8tres de la maison. Bien que le stationnement ne soit pas officiellement r\u00e9serv\u00e9, il y a g\u00e9n\u00e9ralement de la place disponible et cela n'a jamais pos\u00e9 de probl\u00e8me.\nSi vous louez la maison enti\u00e8re, vous disposerez d'un parking priv\u00e9 pour une grande voiture ou deux petites voitures juste \u00e0 c\u00f4t\u00e9 de la propri\u00e9t\u00e9.\n\n<strong>If you're renting the whole house,<\/strong> Nous sommes impatients de vous accueillir bient\u00f4t ! Si vous avez des difficult\u00e9s \u00e0 nous trouver, n'h\u00e9sitez pas \u00e0 nous appeler.\t<\/div>\n<\/div><h4 class=\"qodef-accordion-title\">\n\t<span class=\"qodef-tab-title\">\n\t\tAnimaux domestiques et politique anti-tabac\t<\/span>\n\t<span class=\"qodef-accordion-mark\">\n\t\t<span class=\"qodef-icon--arrow-down\"><span class=\"qodef-icon-linea-icons icon-arrows-down\" ><\/span><\/span>\n\t\t<span class=\"qodef-icon--arrow-up\"><span class=\"qodef-icon-linea-icons icon-arrows-up\" ><\/span><\/span>\n\t<\/span>\n<\/h4>\n<div class=\"qodef-accordion-content\">\n\t<div class=\"qodef-accordion-content-inner\">\n\t\t<ul><li style=\"font-weight: 400;\" aria-level=\"1\"><span style=\"font-weight: 400;\">Nous n'acceptons pas les animaux domestiques.<\/span><\/li><li style=\"font-weight: 400;\" aria-level=\"1\"><span style=\"font-weight: 400;\">Nous sommes un \u00e9tablissement NON-fumeur. Si vous fumez dans les chambres, vous devrez vous acquitter d'une p\u00e9nalit\u00e9 de 500 \u20ac.<\/span><\/li><li style=\"font-weight: 400;\" aria-level=\"1\"><span style=\"font-weight: 400;\">Les bougies sont \u00e9galement interdites dans les chambres.<\/span><\/li><li style=\"font-weight: 400;\" aria-level=\"1\"><span style=\"font-weight: 400;\">Nous demandons \u00e9galement \u00e0 nos clients de ne pas consommer de nourriture dans les chambres.<\/span><\/li><\/ul>\t<\/div>\n<\/div><h4 class=\"qodef-accordion-title\">\n\t<span class=\"qodef-tab-title\">\n\t\tPolitique relative aux enfants\t<\/span>\n\t<span class=\"qodef-accordion-mark\">\n\t\t<span class=\"qodef-icon--arrow-down\"><span class=\"qodef-icon-linea-icons icon-arrows-down\" ><\/span><\/span>\n\t\t<span class=\"qodef-icon--arrow-up\"><span class=\"qodef-icon-linea-icons icon-arrows-up\" ><\/span><\/span>\n\t<\/span>\n<\/h4>\n<div class=\"qodef-accordion-content\">\n\t<div class=\"qodef-accordion-content-inner\">\n\t\t<p><span style=\"font-weight: 400;\">Nous accueillons les enfants \u00e2g\u00e9s de 10 ans et plus aux m\u00eames tarifs que les adultes. Nous ne fournissons pas de lits suppl\u00e9mentaires. <\/span><\/p>\t<\/div>\n<\/div><h4 class=\"qodef-accordion-title\">\n\t<span class=\"qodef-tab-title\">\n\t\tService Wi-Fi et t\u00e9l\u00e9vision\t<\/span>\n\t<span class=\"qodef-accordion-mark\">\n\t\t<span class=\"qodef-icon--arrow-down\"><span class=\"qodef-icon-linea-icons icon-arrows-down\" ><\/span><\/span>\n\t\t<span class=\"qodef-icon--arrow-up\"><span class=\"qodef-icon-linea-icons icon-arrows-up\" ><\/span><\/span>\n\t<\/span>\n<\/h4>\n<div class=\"qodef-accordion-content\">\n\t<div class=\"qodef-accordion-content-inner\">\n\t\t<ul><li style=\"font-weight: 400;\" aria-level=\"1\"><span style=\"font-weight: 400;\">Nous proposons une connexion Wi-Fi gratuite dans toutes nos chambres et sur la terrasse.<\/span><\/li><li style=\"font-weight: 400;\" aria-level=\"1\"><span style=\"font-weight: 400;\">Chaque chambre dispose d'une t\u00e9l\u00e9vision connect\u00e9e sur laquelle vous pouvez diffuser le contenu de vos appareils mobiles ou simplement vous connecter \u00e0 votre compte Netflix, YouTube et\/ou Amazon Prime.<\/span><\/li><\/ul>\t<\/div>\n<\/div><h4 class=\"qodef-accordion-title\">\n\t<span class=\"qodef-tab-title\">\n\t\tRepas sur place\t<\/span>\n\t<span class=\"qodef-accordion-mark\">\n\t\t<span class=\"qodef-icon--arrow-down\"><span class=\"qodef-icon-linea-icons icon-arrows-down\" ><\/span><\/span>\n\t\t<span class=\"qodef-icon--arrow-up\"><span class=\"qodef-icon-linea-icons icon-arrows-up\" ><\/span><\/span>\n\t<\/span>\n<\/h4>\n<div class=\"qodef-accordion-content\">\n\t<div class=\"qodef-accordion-content-inner\">\n\t\t<ul><li style=\"font-weight: 400;\" aria-level=\"1\"><span style=\"font-weight: 400;\">Au Coin Tranquille, nous n'avons pas de restaurant. Nous proposons toutefois un excellent petit-d\u00e9jeuner, compris dans le prix de la chambre.<\/span><\/li><li style=\"font-weight: 400;\" aria-level=\"1\"><span style=\"font-weight: 400;\">Si vous souhaitez profiter d'un d\u00e9jeuner champ\u00eatre au bord de la Dordogne, nous vous proposons un panier-repas pour un pique-nique, moyennant un suppl\u00e9ment.<\/span><\/li><li style=\"font-weight: 400;\" aria-level=\"1\"><span style=\"font-weight: 400;\">Nous pouvons organiser le d\u00eener si vous nous pr\u00e9venez un jour \u00e0 l'avance. Vous aurez le choix entre une pizza, des p\u00e2tes, un plateau de fromages et de charcuterie accompagn\u00e9 de pain et de salade, ou m\u00eame des plats chauds en hiver et en automne.<\/span><\/li><\/ul>\t<\/div>\n<\/div><\/div>\t\t\t\t<\/div>\n\t\t\t\t<\/div>\n\t\t\t\t\t<\/div>\n\t\t<\/div>\n\t\t\t\t\t<\/div>\n\t\t<\/section>\n\t\t\t\t<section class=\"elementor-section elementor-top-section elementor-element elementor-element-12509b0 elementor-section-full_width qodef-elementor-content-grid elementor-section-height-default elementor-section-height-default\" data-id=\"12509b0\" data-element_type=\"section\" data-e-type=\"section\">\n\t\t\t\t\t\t<div class=\"elementor-container elementor-column-gap-no\">\n\t\t\t\t\t<div class=\"elementor-column elementor-col-100 elementor-top-column elementor-element elementor-element-2b0cb73\" data-id=\"2b0cb73\" data-element_type=\"column\" data-e-type=\"column\">\n\t\t\t<div class=\"elementor-widget-wrap elementor-element-populated\">\n\t\t\t\t\t\t<div class=\"elementor-element elementor-element-e648b74 elementor-widget elementor-widget-text-editor\" data-id=\"e648b74\" data-element_type=\"widget\" data-e-type=\"widget\" data-widget_type=\"text-editor.default\">\n\t\t\t\t<div class=\"elementor-widget-container\">\n\t\t\t\t\t\t\t\t\t<h3>Vous ne trouvez pas la r\u00e9ponse \u00e0 votre question ? N'h\u00e9sitez pas \u00e0 nous la poser.<\/h3>\t\t\t\t\t\t\t\t<\/div>\n\t\t\t\t<\/div>\n\t\t\t\t<div class=\"elementor-element elementor-element-c4cbb5e elementor-widget elementor-widget-wp-widget-alloggio_core_contact_form_7\" data-id=\"c4cbb5e\" data-element_type=\"widget\" data-e-type=\"widget\" data-widget_type=\"wp-widget-alloggio_core_contact_form_7.default\">\n\t\t\t\t<div class=\"elementor-widget-container\">\n\t\t\t\t\t\t\t\t<div class=\"qodef-contact-form-7\">\n\t\t\t\t\n<div class=\"wpcf7 no-js\" id=\"wpcf7-f256-o1\" lang=\"en-US\" dir=\"ltr\" data-wpcf7-id=\"256\">\n<div class=\"screen-reader-response\"><p role=\"status\" aria-live=\"polite\" aria-atomic=\"true\"><\/p> <ul><\/ul><\/div>\n<form action=\"\/fr\/wp-json\/wp\/v2\/pages\/2694#wpcf7-f256-o1\" method=\"post\" class=\"wpcf7-form init\" aria-label=\"Contact form\" novalidate=\"novalidate\" data-status=\"init\" data-trp-original-action=\"\/fr\/wp-json\/wp\/v2\/pages\/2694#wpcf7-f256-o1\">\n<fieldset class=\"hidden-fields-container\"><input type=\"hidden\" name=\"_wpcf7\" value=\"256\" \/><input type=\"hidden\" name=\"_wpcf7_version\" value=\"6.1.4\" \/><input type=\"hidden\" name=\"_wpcf7_locale\" value=\"en_US\" \/><input type=\"hidden\" name=\"_wpcf7_unit_tag\" value=\"wpcf7-f256-o1\" \/><input type=\"hidden\" name=\"_wpcf7_container_post\" value=\"0\" \/><input type=\"hidden\" name=\"_wpcf7_posted_data_hash\" value=\"\" \/><input type=\"hidden\" name=\"_wpcf7_recaptcha_response\" value=\"\" \/>\n<\/fieldset>\n<div class=\"qodef-grid qodef-gutter--small\"><div class=\"qodef-grid-inner\"><div class=\"qodef-grid-item\">\n<label> PR\u00c9NOM\n    <span class=\"wpcf7-form-control-wrap\" data-name=\"your-name\"><input size=\"40\" maxlength=\"400\" class=\"wpcf7-form-control wpcf7-text wpcf7-validates-as-required\" aria-required=\"true\" aria-invalid=\"false\" value=\"\" type=\"text\" name=\"your-name\" \/><\/span> <\/label>\n<\/div><\/div><\/div>\n<div class=\"qodef-grid qodef-gutter--small\"><div class=\"qodef-grid-inner\"><div class=\"qodef-grid-item\">\n<label> ADRESSE EMAIL\n    <span class=\"wpcf7-form-control-wrap\" data-name=\"your-email\"><input size=\"40\" maxlength=\"400\" class=\"wpcf7-form-control wpcf7-email wpcf7-validates-as-required wpcf7-text wpcf7-validates-as-email\" aria-required=\"true\" aria-invalid=\"false\" value=\"\" type=\"email\" name=\"your-email\" \/><\/span> <\/label>\n<\/div><\/div><\/div>\n<div class=\"qodef-grid qodef-gutter--normal\"><div class=\"qodef-grid-inner\"><div class=\"qodef-grid-item\">\n<label> \u00c9CRIVEZ VOTRE MESSAGE\n    <span class=\"wpcf7-form-control-wrap\" data-name=\"your-message\"><textarea cols=\"40\" rows=\"6\" maxlength=\"2000\" class=\"wpcf7-form-control wpcf7-textarea\" aria-invalid=\"false\" name=\"your-message\"><\/textarea><\/span> <\/label>\n<\/div><\/div><\/div>\n\n<button class=\"wpcf7-form-control wpcf7-submit qodef-button qodef-size--normal qodef-type--outlined qodef-m\" type=\"submit\"><span class=\"qodef-m-text\">ENVOYER<\/span><\/button><div class=\"wpcf7-response-output\" aria-hidden=\"true\"><\/div>\n<input type=\"hidden\" name=\"trp-form-language\" value=\"fr\"\/><\/form>\n<\/div>\n\t\t\t<\/div>\n\t\t\t\t\t\t\t<\/div>\n\t\t\t\t<\/div>\n\t\t\t\t\t<\/div>\n\t\t<\/div>\n\t\t\t\t\t<\/div>\n\t\t<\/section>\n\t\t\t\t<\/div>","protected":false},"excerpt":{"rendered":"<p>Check In Times \/ Minimum Stay Check in is between 16.00 &amp; 19.00. If you have any particular situation, please don&#8217;t hesitate to ask us. For sure, we will find a workaround. The minimum stay are 2 nights. Check Out Time Check out is by 10:30 am How To Find Us \/ Car Parking Le [&hellip;]<\/p>","protected":false},"author":1,"featured_media":0,"parent":0,"menu_order":0,"comment_status":"closed","ping_status":"closed","template":"page-full-width.php","meta":{"footnotes":""},"class_list":["post-2694","page","type-page","status-publish","hentry"],"_links":{"self":[{"href":"https:\/\/le-coin-tranquille.com\/fr\/wp-json\/wp\/v2\/pages\/2694","targetHints":{"allow":["GET"]}}],"collection":[{"href":"https:\/\/le-coin-tranquille.com\/fr\/wp-json\/wp\/v2\/pages"}],"about":[{"href":"https:\/\/le-coin-tranquille.com\/fr\/wp-json\/wp\/v2\/types\/page"}],"author":[{"embeddable":true,"href":"https:\/\/le-coin-tranquille.com\/fr\/wp-json\/wp\/v2\/users\/1"}],"replies":[{"embeddable":true,"href":"https:\/\/le-coin-tranquille.com\/fr\/wp-json\/wp\/v2\/comments?post=2694"}],"version-history":[{"count":58,"href":"https:\/\/le-coin-tranquille.com\/fr\/wp-json\/wp\/v2\/pages\/2694\/revisions"}],"predecessor-version":[{"id":6476,"href":"https:\/\/le-coin-tranquille.com\/fr\/wp-json\/wp\/v2\/pages\/2694\/revisions\/6476"}],"wp:attachment":[{"href":"https:\/\/le-coin-tranquille.com\/fr\/wp-json\/wp\/v2\/media?parent=2694"}],"curies":[{"name":"wp","href":"https:\/\/api.w.org\/{rel}","templated":true}]}}